{"id":41,"date":"2016-06-10T15:03:17","date_gmt":"2016-06-10T13:03:17","guid":{"rendered":"http:\/\/agat.wt.pw.edu.pl\/szjk\/?page_id=41"},"modified":"2026-03-01T20:57:13","modified_gmt":"2026-03-01T19:57:13","slug":"wdrazanie","status":"publish","type":"page","link":"https:\/\/agat.wt.pw.edu.pl\/wszjk\/aktywnosc\/wdrazanie\/","title":{"rendered":"Wdra\u017canie"},"content":{"rendered":"<p>Etapy Wdra\u017cania Systemu<\/p>\n<table width=\"1060\">\n<tbody>\n<tr>\n<td width=\"64\">&nbsp;<\/td>\n<td width=\"996\">&nbsp;<\/td>\n<\/tr>\n<tr>\n<td colspan=\"2\" width=\"1060\"><b>Lata 2024-2028<\/b><\/td>\n<\/tr>\n<tr>\n<td width=\"64\">1.<\/td>\n<td width=\"996\"><i>Uchwa\u0142a nr 96\/XI\/2026 Rady Wydzia\u0142u Transportu Politechniki Warszawskiej z dnia 19 lutego 2026 roku w sprawie przyj\u0119cia modyfikacji dokumentu \u201eKsi\u0119ga Jako\u015bci Kszta\u0142cenia Wydzia\u0142u Transportu Politechniki Warszawskiej\u201d. <\/i> <a href=\"http:\/\/172.16.201.202\/wszjk\/wp-content\/uploads\/2026\/03\/Ksiega-Jakosci-Ksztalcenia-WT-PW_wydanie-dziewiate.pdf\">\u201eKsi\u0119ga Jako\u015bci Kszta\u0142cenia Wydzia\u0142u Transportu Politechniki Warszawskiej\u201d, 19.02.2026. Wydanie dziewi\u0105te.<\/a> Uwaga! \u0141\u0105cze do Ksi\u0119gi Jako\u015bci czynne tylko dla komputer\u00f3w zalogowanych do sieci WT PW.<\/td>\n<\/tr>\n<tr>\n<td colspan=\"2\" width=\"1060\"><b>Lata 2020-2024<\/b><\/td>\n<\/tr>\n<tr>\n<td width=\"64\">1.<\/td>\n<td width=\"996\"><i>Uchwa\u0142a nr 29\/2020 Rady Wydzia\u0142u Transportu Politechniki Warszawskiej z dnia 17 grudnia 2020 roku w sprawie zmian w dokumencie \u201eKsi\u0119ga Jako\u015bci Kszta\u0142cenia Wydzia\u0142u Transportu Politechniki Warszawskiej\u201d. <\/i> <a href=\"http:\/\/172.16.201.202\/wszjk\/wp-content\/uploads\/2021\/05\/Ksiega-Jakosci_wydanie-7.pdf\">\u201eKsi\u0119ga Jako\u015bci Kszta\u0142cenia Wydzia\u0142u Transportu Politechniki Warszawskiej\u201d, 17.12.2020. Si\u00f3dma edycja.<\/a> Uwaga! \u0141\u0105cze do Ksi\u0119gi Jako\u015bci czynne tylko dla komputer\u00f3w zalogowanych do sieci WT PW.<\/td>\n<\/tr>\n<tr>\n<td width=\"64\">2.<\/td>\n<td width=\"996\"><i>Uchwa\u0142a nr 152\/X\/23 Rady Wydzia\u0142u Transportu z dnia 19 stycznia 2023 roku w sprawie przyj\u0119cia dokumentu \u201eKsi\u0119gi Jako\u015bci Kszta\u0142cenia Wydzia\u0142u Transportu Politechniki Warszawskiej\u201d<\/i><\/td>\n<\/tr>\n<tr>\n<td width=\"64\">&nbsp;<\/td>\n<td width=\"996\">&nbsp;<\/td>\n<\/tr>\n<tr>\n<td colspan=\"2\" width=\"1060\"><b>Lata 2016\u20142020<\/b><\/td>\n<\/tr>\n<tr>\n<td width=\"64\">1.<\/td>\n<td width=\"996\"><i>Uchwa\u0142a nr 286\/XI\/2018 Rady Wydzia\u0142u Transportu Politechniki Warszawskiej z dnia 22 listopada 2018 roku w sprawie zmian w dokumencie \u201eKsi\u0119ga Jako\u015bci Kszta\u0142cenia Wydzia\u0142u Transportu Politechniki Warszawskiej\u201d.<\/i> <a href=\"http:\/\/172.16.201.202\/wszjk\/wp-content\/uploads\/2018\/12\/Ksiega_Jakosci_22_11_2018.pdf\">\u201eKsi\u0119ga Jako\u015bci Kszta\u0142cenia Wydzia\u0142u Transportu Politechniki Warszawskiej\u201d, 22.11.2018. Pi\u0105ta edycja.<\/a> Uwaga! \u0141\u0105cze do Ksi\u0119gi Jako\u015bci czynne tylko dla komputer\u00f3w zalogowanych do sieci WT PW.<\/td>\n<\/tr>\n<tr>\n<td width=\"64\">2.<\/td>\n<td width=\"996\">Uchwa\u0142a nr 78\/IX\/2017 Rady Wydzia\u0142u Transportu PW z dnia 22 czerwca 2017 roku w sprawie zmian w dokumencie \u201eKsi\u0119ga Jako\u015bci Kszta\u0142cenia Wydzia\u0142u Transportu Politechniki Warszawskiej. <a href=\"http:\/\/agat.wt.pw.edu.pl\/wszjk\/wp-content\/uploads\/2016\/06\/Ksi%C4%99ga-Jako%C5%9Bci-Kszta%C5%82cenia-Wydzia%C5%82u-Transportu-PW-aktualizacja-2017.pdf\">Prezentacja aktualizacji Ksi\u0119gi Jako\u015bci Kszta\u0142cenia Wydzia\u0142u Transportu PW 2017<\/a><\/td>\n<\/tr>\n<tr>\n<td width=\"64\">&nbsp;<\/td>\n<td width=\"996\">&nbsp;<\/td>\n<\/tr>\n<\/tbody>\n<\/table>\n<p><a href=\"http:\/\/172.16.201.202\/wszjk\/pdf\/ppiipmp_projekt.pdf\"><b><i>Projekt procedury dotycz\u0105cej polityki informacyjnej Wydzia\u0142u Transportu<\/i><\/b><\/a><\/p>\n<table width=\"1060\">\n<tbody>\n<tr>\n<td width=\"64\">&nbsp;<\/td>\n<td width=\"996\">&nbsp;<\/td>\n<\/tr>\n<tr>\n<td colspan=\"2\" width=\"1060\"><b>Lata 2012\u20142016<\/b><\/td>\n<\/tr>\n<tr>\n<td width=\"64\">1.<\/td>\n<td width=\"996\">Uchwa\u0142a nr 29\/VIII\/2012 Rady Wydzia\u0142u Transportu PW w sprawie powo\u0142ania Komisji Rady Wydzia\u0142u ds. Wydzia\u0142owego Systemu Zapewniania Jako\u015bci Kszta\u0142cenia w kadencji 2012-2016.<\/td>\n<\/tr>\n<tr>\n<td width=\"64\">2.<\/td>\n<td width=\"996\">Budowa informacyjnej witryny internetowej Wydzia\u0142owego Systemu Zapewniania Jako\u015bci Kszta\u0142cenia<\/td>\n<\/tr>\n<tr>\n<td width=\"64\">3.<\/td>\n<td width=\"996\">Opracowanie projektu procedur w zakresie<\/td>\n<\/tr>\n<tr>\n<td width=\"64\">&nbsp;<\/td>\n<td width=\"996\"><b>Organizacji systemu studi\u00f3w<\/b><\/td>\n<\/tr>\n<tr>\n<td width=\"64\">&nbsp;<\/td>\n<td width=\"996\"><b>Planu studi\u00f3w i program\u00f3w kszta\u0142cenia<\/b><\/td>\n<\/tr>\n<tr>\n<td width=\"64\">&nbsp;<\/td>\n<td width=\"996\"><b>Organizacji i realizacji procesu dydaktycznego<\/b><\/td>\n<\/tr>\n<tr>\n<td width=\"64\">&nbsp;<\/td>\n<td width=\"996\"><b>Kadry i student\u00f3w<\/b><\/td>\n<\/tr>\n<tr>\n<td width=\"64\">&nbsp;<\/td>\n<td width=\"996\"><b>Utrzymania i rozwoju infrastruktury dydaktycznej<\/b><\/td>\n<\/tr>\n<tr>\n<td width=\"64\">&nbsp;<\/td>\n<td width=\"996\"><b>Utrzymania i rozwoju Wydzia\u0142owego Systemu Zapewniania Jako\u015bci Kszta\u0142cenia<\/b><\/td>\n<\/tr>\n<tr>\n<td width=\"64\">4.<\/td>\n<td width=\"996\">Wykonanie inwentaryzacji zasob\u00f3w infrastruktury dydaktycznej na Wydziale Transportu PW<\/td>\n<\/tr>\n<tr>\n<td width=\"64\">5.<\/td>\n<td width=\"996\">Przeprowadzenie ankiet w\u015br\u00f3d pracownik\u00f3w Wydzia\u0142u Transportu nt. Ewidencji stanu do Systemu Zapewniania Jako\u015bci Kszta\u0142cenia<\/td>\n<\/tr>\n<tr>\n<td width=\"64\">6.<\/td>\n<td width=\"996\">Uchwa\u0142a nr 107\/VIII\/2014 Rady Wydzia\u0142u Transportu Politechniki Warszawskiej z dnia 30 stycznia 2014r. w sprawie przyj\u0119cia dokumentu \u201e <b><i>Ksi\u0119ga Jako\u015bci Kszta\u0142cenia Wydzia\u0142u Transportu Politechniki Warszawskiej<\/i><\/b> \u201d, <b>Pierwsza edycja<\/b><\/td>\n<\/tr>\n<tr>\n<td width=\"64\">7.<\/td>\n<td width=\"996\">Decyzja nr 1\/2014 Dziekana Wydzia\u0142u Transportu w sprawie powo\u0142ania <a href=\"http:\/\/agat.wt.pw.edu.pl\/wszjk\/pdf_zewn\/Z1_DD_26022014.pdf\">Zespo\u0142\u00f3w Roboczych<\/a> podlegaj\u0105cych Pe\u0142nomocnikowi Dziekana ds.&nbsp;Zapewniania Jako\u015bci Kszta\u0142cenia na Wydziale Transportu.<\/td>\n<\/tr>\n<tr>\n<td width=\"64\">8.<\/td>\n<td width=\"996\">Uchwa\u0142a nr 177\/VIII\/2014 Rady Wydzia\u0142u Transportu Politechniki Warszawskiej z dnia 11 grudnia 2014 r. w sprawie przyj\u0119cia dokumentu \u201e<b><i>Ksi\u0119ga Jako\u015bci Kszta\u0142cenia Wydzia\u0142u Transportu Politechniki Warszawskiej<\/i><\/b> \u201d, <b>Druga edycja<\/b><\/td>\n<\/tr>\n<tr>\n<td width=\"64\">9.<\/td>\n<td width=\"996\">Decyzja nr 3\/2015 Dziekana Wydzia\u0142u Transportu Politechniki Warszawskiej z dnia&nbsp; 28 maja 2015 r. w sprawie powo\u0142ania&nbsp;<a href=\"http:\/\/agat.wt.pw.edu.pl\/wszjk\/pdf_zewn\/2015\/DD_zr2.pdf\">Zespo\u0142\u00f3w Roboczych<\/a> podlegaj\u0105cych Pe\u0142nomocnikowi Dziekana ds. Zapewniania Jako\u015bci Kszta\u0142cenia na Wydziale Transportu<\/td>\n<\/tr>\n<tr>\n<td width=\"64\">10.<\/td>\n<td width=\"996\">Uchwa\u0142a Rady Wydzia\u0142u Transportu Politechniki Warszawskiej z grudnia 2015 r. w sprawie przyj\u0119cia dokumentu \u201e <a href=\"http:\/\/172.16.201.202\/wszjk\/pdf\/Ksiega_Jakosci_3.pdf\"><b><i>Ksi\u0119ga Jako\u015bci Kszta\u0142cenia Wydzia\u0142u Transportu Politechniki Warszawskiej<\/i><\/b><\/a> \u201d, <b>Trzecia edycja<\/b>&nbsp;&nbsp;<\/p>\n<p>(Uwaga! \u0141\u0105cze do Ksi\u0119gi Jako\u015bci czynne tylko dla komputer\u00f3w zalogowanych do sieci WTPW)<\/td>\n<\/tr>\n<tr>\n<td width=\"64\">&nbsp;<\/td>\n<td width=\"996\">&nbsp;<\/td>\n<\/tr>\n<tr>\n<td colspan=\"2\" width=\"1060\"><b>Lata 2010 \u2014 2012<\/b><\/td>\n<\/tr>\n<tr>\n<td width=\"64\">1.<\/td>\n<td width=\"996\">Uchwa\u0142a nr 525\/VII\/10 Rady Wydzia\u0142u Transportu PW w sprawie powo\u0142ania Komisji Wydzia\u0142u ds. przygotowania Wydzia\u0142owego Systemu Zapewniania Jako\u015bci Kszta\u0142cenia<\/td>\n<\/tr>\n<tr>\n<td width=\"64\">2.<\/td>\n<td width=\"996\">Opracowanie za\u0142o\u017ce\u0144 do budowy Wydzia\u0142owego Systemu Zapewniania Jako\u015bci Kszta\u0142cenia<\/td>\n<\/tr>\n<tr>\n<td width=\"64\">3.<\/td>\n<td width=\"996\">Uchwa\u0142a nr 546\/VII\/10 Rady Wydzia\u0142u Transportu Politechniki Warszawskiej z dnia 16 wrze\u015bnia 2010&nbsp;r. w sprawie zatwierdzenia Systemu Zapewniania Jako\u015bci Kszta\u0142cenia w Wydziale Transportu.<\/td>\n<\/tr>\n<tr>\n<td width=\"64\">4.<\/td>\n<td width=\"996\">Przeprowadzenie ankiet w\u015br\u00f3d pracownik\u00f3w Wydzia\u0142u Transportu nt. Ewidencji stanu do Systemu Zapewniania Jako\u015bci Kszta\u0142cenia<\/td>\n<\/tr>\n<tr>\n<td width=\"64\">5.<\/td>\n<td width=\"996\">Uchwa\u0142a nr 649\/VII\/2012 Rady Wydzia\u0142u Transportu Politechniki Warszawskiej z dnia 5 lipca 2012&nbsp;r. w sprawie zatwierdzenia pilota\u017cowych procedur Wydzia\u0142owego Systemu Zapewniania Jako\u015bci Kszta\u0142cenia.&nbsp;&nbsp;<\/p>\n<p>WT_P1 &#8211; Procedura ankietyzacji procesu dydaktycznego<\/p>\n<p>WT_P2 &#8211; Procedura procesu dyplomowania absolwenta Wydzia\u0142u Transportu PW<\/p>\n<p>WT_P3 &#8211; Procedura oceny pracy dziekanatu oraz analizy uzyskanych wynik\u00f3w<\/p>\n<p>WT_P4 &#8211; Procedura upowszechniania zak\u0142adanych efekt\u00f3w kszta\u0142cenia<\/p>\n<p>WT_P5 &#8211; Procedura oceny stanu infrastruktury dydaktycznej<\/td>\n<\/tr>\n<\/tbody>\n<\/table>\n","protected":false},"excerpt":{"rendered":"<p>Etapy Wdra\u017cania Systemu &nbsp; &nbsp; Lata 2024-2028 1. Uchwa\u0142a nr 96\/XI\/2026 Rady Wydzia\u0142u Transportu Politechniki Warszawskiej z dnia 19 lutego 2026 roku w sprawie przyj\u0119cia modyfikacji dokumentu \u201eKsi\u0119ga Jako\u015bci Kszta\u0142cenia Wydzia\u0142u Transportu Politechniki Warszawskiej\u201d. \u201eKsi\u0119ga Jako\u015bci Kszta\u0142cenia Wydzia\u0142u Transportu Politechniki &hellip; <a href=\"https:\/\/agat.wt.pw.edu.pl\/wszjk\/aktywnosc\/wdrazanie\/\">Czytaj dalej <span class=\"meta-nav\">&rarr;<\/span><\/a><\/p>\n","protected":false},"author":1,"featured_media":0,"parent":75,"menu_order":5,"comment_status":"closed","ping_status":"closed","template":"","meta":[],"_links":{"self":[{"href":"https:\/\/agat.wt.pw.edu.pl\/wszjk\/wp-json\/wp\/v2\/pages\/41"}],"collection":[{"href":"https:\/\/agat.wt.pw.edu.pl\/wszjk\/wp-json\/wp\/v2\/pages"}],"about":[{"href":"https:\/\/agat.wt.pw.edu.pl\/wszjk\/wp-json\/wp\/v2\/types\/page"}],"author":[{"embeddable":true,"href":"https:\/\/agat.wt.pw.edu.pl\/wszjk\/wp-json\/wp\/v2\/users\/1"}],"replies":[{"embeddable":true,"href":"https:\/\/agat.wt.pw.edu.pl\/wszjk\/wp-json\/wp\/v2\/comments?post=41"}],"version-history":[{"count":24,"href":"https:\/\/agat.wt.pw.edu.pl\/wszjk\/wp-json\/wp\/v2\/pages\/41\/revisions"}],"predecessor-version":[{"id":399,"href":"https:\/\/agat.wt.pw.edu.pl\/wszjk\/wp-json\/wp\/v2\/pages\/41\/revisions\/399"}],"up":[{"embeddable":true,"href":"https:\/\/agat.wt.pw.edu.pl\/wszjk\/wp-json\/wp\/v2\/pages\/75"}],"wp:attachment":[{"href":"https:\/\/agat.wt.pw.edu.pl\/wszjk\/wp-json\/wp\/v2\/media?parent=41"}],"curies":[{"name":"wp","href":"https:\/\/api.w.org\/{rel}","templated":true}]}}