{"id":33,"date":"2016-06-10T14:58:26","date_gmt":"2016-06-10T12:58:26","guid":{"rendered":"http:\/\/agat.wt.pw.edu.pl\/szjk\/?page_id=33"},"modified":"2026-03-01T20:49:20","modified_gmt":"2026-03-01T19:49:20","slug":"aktualnosci","status":"publish","type":"page","link":"https:\/\/agat.wt.pw.edu.pl\/wszjk\/aktualnosci\/","title":{"rendered":"Aktualno\u015bci"},"content":{"rendered":"<table width=\"964\">\n<tbody>\n<tr>\n<td colspan=\"2\" width=\"964\"><b><i>Luty 2026<\/i><\/b><\/td>\n<\/tr>\n<tr>\n<td width=\"26\">&nbsp;<\/td>\n<td width=\"938\">W zak\u0142adce <a href=\"http:\/\/agat.wt.pw.edu.pl\/wszjk\/aktywnosc\/monitorowanie\/\"><i>Monitorowanie Systemu<\/i><\/a> umieszczono Sprawozdanie z podj\u0119tych dzia\u0142a\u0144 dotycz\u0105cych zapewnienia jako\u015bci kszta\u0142cenia prowadzonych na Wydziale w roku 2025 oraz wyniki ankiet przeprowadzonych na Wydziale w roku 2025. Zaktualizowano tre\u015b\u0107 Ksi\u0119gi Jako\u015bci Kszta\u0142cenia zgodnie z Uchwa\u0142\u0105 nr 96\/XI\/2026 Rady Wydzia\u0142u Transportu Politechniki Warszawskiej z dnia 19 lutego 2026.<\/td>\n<\/tr>\n<tr>\n<td colspan=\"2\" width=\"964\"><b><i>Maj 2025<\/i><\/b><\/td>\n<\/tr>\n<tr>\n<td width=\"26\">&nbsp;<\/td>\n<td width=\"938\">W zak\u0142adce <a href=\"http:\/\/agat.wt.pw.edu.pl\/wszjk\/aktywnosc\/monitorowanie\/\"><i>Monitorowanie Systemu<\/i><\/a> umieszczono Sprawozdanie z podj\u0119tych dzia\u0142a\u0144 dotycz\u0105cych zapewnienia jako\u015bci kszta\u0142cenia prowadzonych na Wydziale w roku 2024.<\/td>\n<\/tr>\n<tr>\n<td colspan=\"2\" width=\"964\"><b><i>Luty 2024<\/i><\/b><\/td>\n<\/tr>\n<tr>\n<td width=\"26\">&nbsp;<\/td>\n<td width=\"938\">W zak\u0142adce <a href=\"http:\/\/agat.wt.pw.edu.pl\/wszjk\/aktywnosc\/monitorowanie\/\"><i>Monitorowanie Systemu<\/i><\/a> umieszczono Sprawozdanie z podj\u0119tych dzia\u0142a\u0144 dotycz\u0105cych zapewnienia jako\u015bci kszta\u0142cenia prowadzonych na Wydziale w roku 2023 oraz wyniki ankiet przeprowadzonych w roku 2023.<\/td>\n<\/tr>\n<tr>\n<td colspan=\"2\" width=\"964\"><b><i>Maj 2023<\/i><\/b><\/td>\n<\/tr>\n<tr>\n<td width=\"26\">&nbsp;<\/td>\n<td width=\"938\">W zak\u0142adce <a href=\"http:\/\/agat.wt.pw.edu.pl\/wszjk\/aktywnosc\/monitorowanie\/\"><i>Monitorowanie Systemu<\/i><\/a> umieszczono Sprawozdanie z podj\u0119tych dzia\u0142a\u0144 dotycz\u0105cych zapewnienia jako\u015bci kszta\u0142cenia prowadzonych na Wydziale w roku 2022.<\/td>\n<\/tr>\n<tr>\n<td colspan=\"2\" width=\"964\"><b><i>Stycze\u0144 2023<\/i><\/b><\/td>\n<\/tr>\n<tr>\n<td width=\"26\">&nbsp;<\/td>\n<td width=\"938\">W zak\u0142adce <a href=\"http:\/\/agat.wt.pw.edu.pl\/wszjk\/aktywnosc\/monitorowanie\/\"><i>Monitorowanie Systemu<\/i><\/a> umieszczono wyniki ankiet przeprowadzonych w roku akademickim 2021\/22.<\/td>\n<\/tr>\n<tr>\n<td colspan=\"2\" width=\"964\"><b><i>Marzec 2022<\/i><\/b><\/td>\n<\/tr>\n<tr>\n<td width=\"26\">&nbsp;<\/td>\n<td width=\"938\">W zak\u0142adce <a href=\"http:\/\/agat.wt.pw.edu.pl\/wszjk\/aktywnosc\/monitorowanie\/\"><i>Monitorowanie Systemu<\/i><\/a> umieszczono wyniki ankiet przeprowadzonych w roku akademickim 2020\/21.<\/td>\n<\/tr>\n<tr>\n<td colspan=\"2\" width=\"964\"><b><i>Grudzie\u0144 2020<\/i><\/b><\/td>\n<\/tr>\n<tr>\n<td width=\"26\">&nbsp;<\/td>\n<td width=\"938\">W zak\u0142adce <a href=\"http:\/\/agat.wt.pw.edu.pl\/wszjk\/aktywnosc\/monitorowanie\/\"><i>Monitorowanie Systemu<\/i><\/a> umieszczono Raporty z ankiet, Sprawozdanie Wydzia\u0142owego Pe\u0142nomocnika ds. WSZJK za rok 2019\/2020 oraz Plan dzia\u0142a\u0144 na rok 2021.<\/td>\n<\/tr>\n<tr>\n<td colspan=\"2\" width=\"964\"><b><i>Luty 2020<\/i><\/b><\/td>\n<\/tr>\n<tr>\n<td width=\"26\">&nbsp;<\/td>\n<td width=\"938\">W zak\u0142adce <a href=\"http:\/\/agat.wt.pw.edu.pl\/wszjk\/aktywnosc\/monitorowanie\/\"><i>Monitorowanie Systemu<\/i><\/a> umieszczono Sprawozdanie z podj\u0119tych dzia\u0142a\u0144 dotycz\u0105cych zapewnienia jako\u015bci kszta\u0142cenia prowadzonych na Wydziale w roku 2018.<\/td>\n<\/tr>\n<tr>\n<td colspan=\"2\" width=\"964\"><b><i>Stycze\u0144 2020<\/i><\/b><\/td>\n<\/tr>\n<tr>\n<td width=\"26\">&nbsp;<\/td>\n<td width=\"938\">Na posiedzeniu Zespo\u0142u ds. WSZJK om\u00f3wiono wyniki ankiety oceny praktyk na Wydziale Transportu PW. Raporty z ankiet przedstawiono w zak\u0142adce <a href=\"http:\/\/agat.wt.pw.edu.pl\/wszjk\/aktywnosc\/monitorowanie\/\"><i>Monitorowanie Systemu<\/i><\/a>.<\/td>\n<\/tr>\n<tr>\n<td colspan=\"2\" width=\"964\"><b><i>Listopad 2019<\/i><\/b><\/td>\n<\/tr>\n<tr>\n<td width=\"26\">&nbsp;<\/td>\n<td width=\"938\">Na posiedzeniu Zespo\u0142u ds. WSZJK om\u00f3wiono wyniki ankiety oceny studi\u00f3w na Wydziale Transportu PW.<\/td>\n<\/tr>\n<tr>\n<td colspan=\"2\" width=\"964\"><b><i>Lipiec 2019<\/i><\/b><\/td>\n<\/tr>\n<tr>\n<td width=\"26\">&nbsp;<\/td>\n<td width=\"938\">Wydzia\u0142 Transportu uzyska\u0142 akredytacj\u0119 Komisji Akredytacyjnej Uczelni Technicznych na lata 2018-2023 na studia pierwszego i drugiego stopnia <a href=\"https:\/\/www.wt.pw.edu.pl\/Wydzial\/Aktualnosci\/Wydzial-Transportu-otrzymal-Akredytacje-na-lata-2018-2023-na-studia-pierwszego-i-drugiego-stopnia\">wi\u0119cej informacji<\/a><\/td>\n<\/tr>\n<tr>\n<td colspan=\"2\" width=\"964\"><b><i>Czerwiec 2019<\/i><\/b><\/td>\n<\/tr>\n<tr>\n<td width=\"26\">&nbsp;<\/td>\n<td width=\"938\">Wydzia\u0142 Transportu Politechniki Warszawskiej po raz kolejny zaj\u0105\u0142 pierwsze miejsce jako jednostka kszta\u0142c\u0105ca na kierunku &#8222;Transport&#8221; <a href=\"https:\/\/www.wt.pw.edu.pl\/Wydzial\/Aktualnosci\/Wydzial-Transportu-Politechniki-Warszawskiej-prowadzi-najlepsze-studia-inzynierskie-w-Polsce\">wi\u0119cej informacji<\/a><\/td>\n<\/tr>\n<tr>\n<td colspan=\"2\" width=\"964\"><b><i>Marzec 2019<\/i><\/b><\/td>\n<\/tr>\n<tr>\n<td width=\"26\">&nbsp;<\/td>\n<td width=\"938\">Uprzejmie informujemy, \u017ce w ramach posiedzenia Rady Konsultacyjnej Nauka &#8211; Gospodarka odby\u0142 si\u0119 Panel dla Pracodawc\u00f3w. Sprawozdanie z panelu znajduje si\u0119 w zak\u0142adce <a href=\"http:\/\/agat.wt.pw.edu.pl\/wszjk\/aktywnosc\/monitorowanie\/\"><i>Monitorowanie Systemu<\/i><\/a><\/td>\n<\/tr>\n<tr>\n<td width=\"26\">&nbsp;<\/td>\n<td width=\"938\">Uprzejmie informujemy, \u017ce postanowiono o usuni\u0119ciu z Ksi\u0119gi Jako\u015bci Kszta\u0142cenia ankiety oceny program\u00f3w kszta\u0142cenia przez Pracodawc\u00f3w i zast\u0105pieniu jej dyskusj\u0105 o programach w ramach posiedze\u0144 Rady Konsultacyjnej Nauka &#8211; Gospodarka<\/td>\n<\/tr>\n<tr>\n<td colspan=\"2\" width=\"964\"><b><i>Luty 2019<\/i><\/b><\/td>\n<\/tr>\n<tr>\n<td width=\"26\">&nbsp;<\/td>\n<td width=\"938\">Na posiedzeniu Rady Wydzia\u0142u Transportu PW przedstawiono Plan Dzia\u0142a\u0144 Dotycz\u0105cych Zapewnienia Jako\u015bci Kszta\u0142cenia Prowadzonych na Wydziale w roku 2019. Plan jest dost\u0119pny w zak\u0142adce <a href=\"http:\/\/agat.wt.pw.edu.pl\/wszjk\/aktywnosc\/monitorowanie\/\"><i>Monitorowanie Systemu<\/i><\/a>.<\/td>\n<\/tr>\n<tr>\n<td colspan=\"2\" width=\"964\"><b><i>Grudzie\u0144 2018<\/i><\/b><\/td>\n<\/tr>\n<tr>\n<td width=\"26\">&nbsp;<\/td>\n<td width=\"938\">W dniach 5-6 grudnia 2018 r. na Wydziale Transportu mia\u0142a miejsce wizytacja Zespo\u0142u Oceniaj\u0105cego Komisji Akredytacyjnej Uczelni Technicznych KAUT.<\/td>\n<\/tr>\n<tr>\n<td colspan=\"2\" width=\"964\"><b><i>Listopad 2018<\/i><\/b><\/td>\n<\/tr>\n<tr>\n<td width=\"26\">&nbsp;<\/td>\n<td width=\"938\">Na posiedzeniu Zespo\u0142u ds. WSZJK om\u00f3wiono wyniki ankiety przeprowadzonej w\u015br\u00f3d absolwent\u00f3w Wydzia\u0142u Transportu PW.<\/td>\n<\/tr>\n<tr>\n<td width=\"26\">&nbsp;<\/td>\n<td width=\"938\">Bie\u017c\u0105ce dzia\u0142ania podejmowane przez Komisj\u0119 ds. Zapewnienia Jako\u015bci Kszta\u0142cenia w Wydziale Transportu Politechniki Warszawskiej s\u0105 zamieszczone w zak\u0142adce <a href=\"http:\/\/agat.wt.pw.edu.pl\/wszjk\/aktywnosc\/monitorowanie\/\"><i>Monitorowanie Systemu<\/i><\/a>.<\/td>\n<\/tr>\n<tr>\n<td colspan=\"2\" width=\"964\"><b><i>Czerwiec 2017<\/i><\/b><\/td>\n<\/tr>\n<tr>\n<td width=\"26\">&nbsp;<\/td>\n<td width=\"938\">Udost\u0119pniono &#8222;Sprawozdanie z podj\u0119tych dzia\u0142a\u0144 dotycz\u0105cych zapewniania jako\u015bci kszta\u0142cenia prowadzonych na Wydziale Transportu w roku 2016&#8221; w zak\u0142adce <a href=\"http:\/\/agat.wt.pw.edu.pl\/wszjk\/aktywnosc\/monitorowanie\/\">Monitorowanie Systemu<\/a><\/td>\n<\/tr>\n<tr>\n<td width=\"26\">&nbsp;<\/td>\n<td style=\"text-align: justify;\" width=\"938\">Udost\u0119pniono &#8222;Plan dzia\u0142a\u0144 na rok 2017&#8221; w zak\u0142adce <a href=\"http:\/\/agat.wt.pw.edu.pl\/wszjk\/aktywnosc\/monitorowanie\/\">Monitorowanie Systemu<\/a><\/td>\n<\/tr>\n<tr>\n<td width=\"26\"><span style=\"color: white;\">_<\/span><\/td>\n<td width=\"964\">&nbsp;<\/td>\n<\/tr>\n<tr>\n<td colspan=\"2\" width=\"964\"><b><i>Maj 2014<\/i><\/b><\/td>\n<\/tr>\n<tr>\n<td width=\"26\"><b><i>&nbsp;<\/i><\/b><\/td>\n<td width=\"938\">W zak\u0142adce <a href=\"http:\/\/agat.wt.pw.edu.pl\/wszjk_old\/index_pliki\/sprawozdawczosc.htm\">Monitorowanie Systemu<\/a> zamieszczone zosta\u0142o Sprawozdanie z dzia\u0142alno\u015bci promocyjnej Wydzia\u0142u Transportu za rok 2013.<\/td>\n<\/tr>\n<tr>\n<td width=\"26\"><b><i>&nbsp;<\/i><\/b><\/td>\n<td width=\"938\">&nbsp;<\/td>\n<\/tr>\n<tr>\n<td width=\"26\"><b><i>&nbsp;<\/i><\/b><\/td>\n<td style=\"text-align: justify;\" width=\"938\">W <b>maju 2014 roku<\/b> przyst\u0119puj\u0105 do pracy <b>Zespo\u0142y Robocze<\/b> powo\u0142ane przez Dziekana. Ich zadaniem jest monitorowanie funkcjonowania obowi\u0105zuj\u0105cych od 30 stycznia 2014 roku procedur. Zwracamy si\u0119, zar\u00f3wno do pracownik\u00f3w, jak i do student\u00f3w z pro\u015bb\u0105 o wype\u0142nianie skierowanych do Pa\u0144stwa ankiet. Analiza uzyskanych odpowiedzi pozwoli oceni\u0107 prawid\u0142owo\u015b\u0107 funkcjonuj\u0105cych procedur i zaproponowa\u0107 ewentualne zmiany.<\/td>\n<\/tr>\n<tr>\n<td width=\"26\"><b><i>&nbsp;<\/i><\/b><\/td>\n<td width=\"938\">&nbsp;<\/td>\n<\/tr>\n<tr>\n<td width=\"26\"><b><i>&nbsp;<\/i><\/b><\/td>\n<td width=\"938\">\n<p style=\"text-align: justify;\">Dnia <b>28 kwietnia <\/b>o godz. 11.30 odby\u0142o si\u0119 spotkanie&nbsp; Komisji ds. WSZJK z Ekspertami Zespo\u0142u Oceniaj\u0105cego Polskiej Komisji Akredytacyjnej. Spotkania odby\u0142y si\u0119 r\u00f3wnie\u017c z W\u0142adzami Wydzia\u0142u, autorami Raportu Samooceny Wydzia\u0142u&nbsp; oraz z: pracownikami naukowo-dydaktycznymi, pracownikami administracyjno-technicznymi, studentami stacjonarnych studi\u00f3w I i II&nbsp; stopnia,&nbsp; studentami niestacjonarnych studi\u00f3w I i II stopnia, studentami studi\u00f3w doktoranckich, kierownikami Studi\u00f3w Podyplomowych, Studenckimi Ko\u0142ami Naukowymi i ich opiekunami, a tak\u017ce z przedstawicielami Pracodawc\u00f3w zatrudniaj\u0105cych naszych absolwent\u00f3w. Zesp\u00f3\u0142 Oceniaj\u0105cy dokona\u0142 r\u00f3wnie\u017c wizytacji bazy dydaktycznej i socjalnej Wydzia\u0142u.<\/p>\n<p>Ocena instytucjonalna zostanie sformu\u0142owana przez Zesp\u00f3\u0142 Oceniaj\u0105cy w ci\u0105gu 6 tygodni od zako\u0144czenia wizytacji na Wydziale Transportu.<\/td>\n<\/tr>\n<tr>\n<td colspan=\"2\" width=\"964\"><b><i>&nbsp;<\/i><\/b><\/td>\n<\/tr>\n<tr>\n<td colspan=\"2\" width=\"964\"><b><i>Kwiecie\u0144 2014<\/i><\/b><\/td>\n<\/tr>\n<tr>\n<td width=\"26\"><i>&nbsp;<\/i><\/td>\n<td style=\"text-align: justify;\" width=\"938\">W dniach <b>28 \u2013 30 kwietnia 2014 r. <\/b>Zesp\u00f3\u0142 Polskiej Komisji Akredytacyjnej dokona oceny instytucjonalnej na Wydziale Transportu Politechniki Warszawskiej. W trakcie pobytu Zespo\u0142u Oceniaj\u0105cego na Wydziale odb\u0119d\u0105 si\u0119 spotkania z naszymi pracownikami, studentami i doktorantami.<\/td>\n<\/tr>\n<tr>\n<td width=\"26\"><i>&nbsp;<\/i><\/td>\n<td width=\"938\">&nbsp;<\/td>\n<\/tr>\n<tr>\n<td colspan=\"2\" width=\"964\"><b><i>Marzec 2014<\/i><\/b><\/td>\n<\/tr>\n<tr>\n<td width=\"26\"><i>&nbsp;<\/i><\/td>\n<td style=\"text-align: justify;\" width=\"938\">Dnia <b>10 marca<\/b> odby\u0142o si\u0119 spotkanie W\u0142adz Wydzia\u0142u i Pe\u0142nomocnika ds. Zapewniania Jako\u015bci Kszta\u0142cenia z pracownikami administracyjnymi Wydzia\u0142u. Pe\u0142nomocnik przedstawi\u0142 zebranym informacje dotycz\u0105ce Wydzia\u0142owego Systemu Zapewniania Jako\u015bci Kszta\u0142cenia.<\/td>\n<\/tr>\n<tr>\n<td width=\"26\"><i>&nbsp;<\/i><\/td>\n<td style=\"text-align: justify;\" width=\"938\">Dnia <b>1 marca<\/b> o godz.12 w sali nr 2 odby\u0142o si\u0119 spotkanie Dziekana ds. Kszta\u0142cenia i Pe\u0142nomocnika ds. Zapewniania Jako\u015bciKszta\u0142cenia ze studentami studi\u00f3w niestacjonarnych. Spotkanie dotyczy\u0142o zagadnie\u0144 zwi\u0105zanych z jako\u015bci\u0105&nbsp; kszta\u0142cenia na Wydziale Transportu oraz funkcjonowaniem Wydzia\u0142owego Systemu Zapewniania Jako\u015bci Kszta\u0142cenia.<\/td>\n<\/tr>\n<tr>\n<td width=\"26\"><i>&nbsp;<\/i><\/td>\n<td width=\"938\">&nbsp;<\/td>\n<\/tr>\n<tr>\n<td colspan=\"2\" width=\"964\"><b><i>Luty 2014<\/i><\/b><\/td>\n<\/tr>\n<tr>\n<td width=\"26\">&nbsp;<\/td>\n<td style=\"text-align: justify;\" width=\"938\">Dnia <b>7 lutego <\/b>o godz. 15 w sali NK2 odby\u0142o si\u0119 spotkanie nauczycieli akademickich Wydzia\u0142u z Dziekanem. Spotkanie po\u015bwi\u0119cono Wydzia\u0142owemu Systemowi Zapewniania Jako\u015bci Kszta\u0142cenia.<\/td>\n<\/tr>\n<tr>\n<td width=\"26\"><i>&nbsp;<\/i><\/td>\n<td width=\"938\">&nbsp;<\/td>\n<\/tr>\n<tr>\n<td colspan=\"2\" width=\"964\"><b><i>Stycze\u0144 2014<\/i><\/b><\/td>\n<\/tr>\n<tr>\n<td width=\"26\">&nbsp;<\/td>\n<td style=\"text-align: justify;\" width=\"938\">Dnia <b>29 stycznia <\/b>o godz. 16.15 w sali 2 NK odby\u0142o si\u0119 spotkanie student\u00f3w&nbsp;studi\u00f3w stacjonarnych pierwszego i drugiego stopnia z Prodziekanem ds. Kszta\u0142cenia i &nbsp;Pe\u0142nomocnikiem Dziekana ds. Zapewniania Jako\u015bci Kszta\u0142cenia. Spotkanie po\u015bwi\u0119cone b\u0119dzie tematyce zwi\u0105zanej z jako\u015bci\u0105 kszta\u0142cenia na Wydziale Transportu.<\/td>\n<\/tr>\n<tr>\n<td width=\"26\">&nbsp;<\/td>\n<td style=\"text-align: justify;\" width=\"938\">Dnia <b>27 stycznia <\/b>odby\u0142 si\u0119 Panel Ekspercki z udzia\u0142em przedstawicieli pracodawc\u00f3w, zwanych obecnie interesariuszami zewn\u0119trznymi, zatrudniaj\u0105cymi absolwent\u00f3w Wydzia\u0142u Transportu. W spotkaniu ze strony Wydzia\u0142u Transportu uczestniczyli&nbsp; Pe\u0142nomocnik ds. Zapewniania Jako\u015bci Kszta\u0142cenia &#8211; prof. nzw. dr hab. in\u017c. Iwona Grabarek, Prodziekan ds. Kszta\u0142cenia &#8211; dr hab. in\u017c. Dariusz Pyza, przedstawiciel Komisji ds. Zapewniania Jako\u015bci &#8211; dr in\u017c. Jaros\u0142aw Korzeb oraz przedstawiciel Senackiej Komisji ds. Kszta\u0142cenia &#8211; dr in\u017c. Aleksander Szulczyk. Dyskusja dotyczy\u0142a koncepcji kszta\u0142cenia na kierunku Transport oraz analizy i oceny aktualno\u015bci i przydatno\u015bci efekt\u00f3w kszta\u0142cenia. Spotkanie by\u0142o prowadzone przez dw\u00f3ch moderator\u00f3w. Wnioski z tego spotkania zostan\u0105 wykorzystane w modyfikacji Wydzia\u0142owego Systemu Zapewniania Jako\u015bci.<\/td>\n<\/tr>\n<tr>\n<td width=\"26\">&nbsp;<\/td>\n<td width=\"938\">Dnia <b>20 stycznia <\/b>odby\u0142o si\u0119 spotkanie Rady Konsultacyjnej Nauka &#8211; Gospodarka.<\/td>\n<\/tr>\n<tr>\n<td width=\"26\"><i>&nbsp;<\/i><\/td>\n<td width=\"938\">&nbsp;<\/td>\n<\/tr>\n<tr>\n<td colspan=\"2\" width=\"964\"><b><i>Listopad 2013<\/i><\/b><\/td>\n<\/tr>\n<tr>\n<td width=\"26\">&nbsp;<\/td>\n<td style=\"text-align: justify;\" width=\"938\">Z przyczyn niezale\u017cnych od Wydzia\u0142owego Systemu Zapewniania Jako\u015bci Kszta\u0142cenia, panel ekspercki z pracodawcami odb\u0119dzie si\u0119 na Wydziale Transportu w roku 2014. Termin ustalono na <b>27 stycznia <\/b>2014.<\/td>\n<\/tr>\n<tr>\n<td width=\"26\">&nbsp;<\/td>\n<td width=\"938\">Zarz\u0105dzeniem Dziekana nr 1\/2013 z <b>9 listopada <\/b>2013 r. zosta\u0142a powo\u0142ana Rada Konsultacyjna Nauka &#8211; Gospodarka, kt\u00f3ra pe\u0142ni funkcj\u0119 organu doradczego i&nbsp;opiniotw\u00f3rczego Dziekana Wydzia\u0142u Transportu.<\/td>\n<\/tr>\n<tr>\n<td width=\"26\"><i>&nbsp;<\/i><\/td>\n<td width=\"938\">&nbsp;<\/td>\n<\/tr>\n<tr>\n<td colspan=\"2\" width=\"964\"><b><i>Wrzesie\u0144 2013<\/i><\/b><\/td>\n<\/tr>\n<tr>\n<td width=\"26\">&nbsp;<\/td>\n<td width=\"938\">\n<p style=\"text-align: justify;\">Udzia\u0142 Wydzia\u0142u Transportu w projekcie \u201ePodniesienie Jako\u015bci Zarz\u0105dzania Politechnik\u0105 Warszawsk\u0105\u201d<\/p>\n<p>Zadanie 3 \u2013 Modyfikacja WSZJK.<\/p>\n<p style=\"text-align: justify;\">Dn. <b>28 sierpnia <\/b>br. &nbsp;podpisana zosta\u0142a umowa z Instytutem \u201eHomo Homini\u201d na przeprowadzenie badania opinii pracodawc\u00f3w<\/p>\n<p>nt. nabytej wiedzy, kompetencji i przejawiaj\u0105cych si\u0119 postaw w\u015br\u00f3d absolwent\u00f3w Politechniki Warszawskiej.<\/p>\n<p style=\"text-align: justify;\">W zwi\u0105zku z tym we wrze\u015bniu rozpoczynaj\u0105 si\u0119 prace&nbsp;ZESPO\u0141U EKSPERCKIEGO DS. MODYFIKACJI WYDZIA\u0141OWEGO SYSTEMU ZAPEWNIANIA JAKO\u015aCI KSZTA\u0141CENIA, powo\u0142anego w ramach projektu i kierowanego przez &nbsp;prof. Iwon\u0119 Grabarek&nbsp;.<\/p>\n<p style=\"text-align: justify;\">W ramach dzia\u0142alno\u015bci zespo\u0142u zorganizowany zostanie panel ekspercki z pracodawcami zatrudniaj\u0105cymi absolwent\u00f3w&nbsp; Wydzia\u0142u&nbsp; Transportu. &nbsp;Wypracowane wsp\u00f3lnie wnioski i sugestie przyczyni\u0105 si\u0119 do&nbsp; modyfikacji WSZJK.<\/p>\n<\/td>\n<\/tr>\n<\/tbody>\n<\/table>\n","protected":false},"excerpt":{"rendered":"<p>Luty 2026 &nbsp; W zak\u0142adce Monitorowanie Systemu umieszczono Sprawozdanie z podj\u0119tych dzia\u0142a\u0144 dotycz\u0105cych zapewnienia jako\u015bci kszta\u0142cenia prowadzonych na Wydziale w roku 2025 oraz wyniki ankiet przeprowadzonych na Wydziale w roku 2025. Zaktualizowano tre\u015b\u0107 Ksi\u0119gi Jako\u015bci Kszta\u0142cenia zgodnie z Uchwa\u0142\u0105 nr &hellip; <a href=\"https:\/\/agat.wt.pw.edu.pl\/wszjk\/aktualnosci\/\">Czytaj dalej <span class=\"meta-nav\">&rarr;<\/span><\/a><\/p>\n","protected":false},"author":1,"featured_media":0,"parent":0,"menu_order":2,"comment_status":"closed","ping_status":"closed","template":"","meta":[],"_links":{"self":[{"href":"https:\/\/agat.wt.pw.edu.pl\/wszjk\/wp-json\/wp\/v2\/pages\/33"}],"collection":[{"href":"https:\/\/agat.wt.pw.edu.pl\/wszjk\/wp-json\/wp\/v2\/pages"}],"about":[{"href":"https:\/\/agat.wt.pw.edu.pl\/wszjk\/wp-json\/wp\/v2\/types\/page"}],"author":[{"embeddable":true,"href":"https:\/\/agat.wt.pw.edu.pl\/wszjk\/wp-json\/wp\/v2\/users\/1"}],"replies":[{"embeddable":true,"href":"https:\/\/agat.wt.pw.edu.pl\/wszjk\/wp-json\/wp\/v2\/comments?post=33"}],"version-history":[{"count":18,"href":"https:\/\/agat.wt.pw.edu.pl\/wszjk\/wp-json\/wp\/v2\/pages\/33\/revisions"}],"predecessor-version":[{"id":390,"href":"https:\/\/agat.wt.pw.edu.pl\/wszjk\/wp-json\/wp\/v2\/pages\/33\/revisions\/390"}],"wp:attachment":[{"href":"https:\/\/agat.wt.pw.edu.pl\/wszjk\/wp-json\/wp\/v2\/media?parent=33"}],"curies":[{"name":"wp","href":"https:\/\/api.w.org\/{rel}","templated":true}]}}